{"id":1759,"date":"2024-12-08T13:48:49","date_gmt":"2024-12-08T12:48:49","guid":{"rendered":"https:\/\/www.derhauspro.at\/?page_id=1759"},"modified":"2025-01-06T23:36:28","modified_gmt":"2025-01-06T22:36:28","slug":"bauendreinigung","status":"publish","type":"page","link":"https:\/\/www.derhauspro.at\/?page_id=1759","title":{"rendered":"Sofa- &amp; Polsterreingung"},"content":{"rendered":"\n<div class=\"wp-block-media-text has-media-on-the-right is-stacked-on-mobile is-image-fill-element\" id=\"bauendreinigung\"><div class=\"wp-block-media-text__content\">\n<h1 class=\"wp-block-heading\">Sofa- &amp; Polsterreingung<\/h1>\n\n\n\n<p>Professionelle Sofareinigung in Wien \u2013 Sauberkeit auf h\u00f6chstem Niveau<\/p>\n\n\n\n<p>Wir sind Ihr zuverl\u00e4ssiger Partner f\u00fcr professionelle Sofareinigung in Wien und Umgebung. Ob f\u00fcr private Haushalte oder gewerbliche Kunden, unser Ziel ist es, Ihre Polsterm\u00f6bel gr\u00fcndlich und schonend zu reinigen.<\/p>\n\n\n\n<p>Unsere speziell geschulten Mitarbeiter kommen direkt zu Ihnen und f\u00fchren die Reinigung vor Ort durch \u2013 ein aufw\u00e4ndiger Transport Ihrer M\u00f6bel ist nicht notwendig. Mit modernster Technik und umweltfreundlichen Reinigungsmitteln entfernen wir tiefsitzende Flecken, unangenehme Ger\u00fcche und hartn\u00e4ckige Verf\u00e4rbungen, ohne das Material zu besch\u00e4digen.<\/p>\n\n\n\n<p>Dabei legen wir gr\u00f6\u00dften Wert auf Hygiene und Nachhaltigkeit. Unsere eingesetzten Materialien sind nicht nur effektiv, sondern auch unbedenklich f\u00fcr Mensch, Tier und Umwelt.<\/p>\n\n\n\n<p>Vertrauen Sie auf unsere Erfahrung und Expertise, um Ihrem Sofa neuen Glanz zu verleihen. Kontaktieren Sie uns noch heute f\u00fcr eine unverbindliche Beratung oder Terminvereinbarung!<\/p>\n\n\n\n<div class=\"wp-block-buttons is-layout-flex wp-block-buttons-is-layout-flex\">\n<div class=\"wp-block-button\"><a class=\"wp-block-button__link has-background wp-element-button\" href=\"#kontakt\" style=\"background-color:#f93529\">Kontakt<\/a><\/div>\n<\/div>\n<\/div><figure class=\"wp-block-media-text__media\"><img loading=\"lazy\" decoding=\"async\" width=\"1024\" height=\"667\" src=\"https:\/\/www.derhauspro.at\/wp-content\/uploads\/2025\/01\/WhatsApp-Image-2025-01-06-at-13.34.48-1024x667.jpeg\" alt=\"\" class=\"wp-image-1820 size-full\" style=\"object-position:50% 50%\" srcset=\"https:\/\/www.derhauspro.at\/wp-content\/uploads\/2025\/01\/WhatsApp-Image-2025-01-06-at-13.34.48-1024x667.jpeg 1024w, https:\/\/www.derhauspro.at\/wp-content\/uploads\/2025\/01\/WhatsApp-Image-2025-01-06-at-13.34.48-300x195.jpeg 300w, https:\/\/www.derhauspro.at\/wp-content\/uploads\/2025\/01\/WhatsApp-Image-2025-01-06-at-13.34.48-768x500.jpeg 768w, https:\/\/www.derhauspro.at\/wp-content\/uploads\/2025\/01\/WhatsApp-Image-2025-01-06-at-13.34.48.jpeg 1280w\" sizes=\"auto, (max-width: 1024px) 100vw, 1024px\" \/><\/figure><\/div>\n","protected":false},"excerpt":{"rendered":"","protected":false},"author":1,"featured_media":0,"parent":0,"menu_order":0,"comment_status":"closed","ping_status":"closed","template":"full-width-template","meta":{"footnotes":""},"class_list":["post-1759","page","type-page","status-publish","hentry"],"_links":{"self":[{"href":"https:\/\/www.derhauspro.at\/index.php?rest_route=\/wp\/v2\/pages\/1759","targetHints":{"allow":["GET"]}}],"collection":[{"href":"https:\/\/www.derhauspro.at\/index.php?rest_route=\/wp\/v2\/pages"}],"about":[{"href":"https:\/\/www.derhauspro.at\/index.php?rest_route=\/wp\/v2\/types\/page"}],"author":[{"embeddable":true,"href":"https:\/\/www.derhauspro.at\/index.php?rest_route=\/wp\/v2\/users\/1"}],"replies":[{"embeddable":true,"href":"https:\/\/www.derhauspro.at\/index.php?rest_route=%2Fwp%2Fv2%2Fcomments&post=1759"}],"version-history":[{"count":8,"href":"https:\/\/www.derhauspro.at\/index.php?rest_route=\/wp\/v2\/pages\/1759\/revisions"}],"predecessor-version":[{"id":1822,"href":"https:\/\/www.derhauspro.at\/index.php?rest_route=\/wp\/v2\/pages\/1759\/revisions\/1822"}],"wp:attachment":[{"href":"https:\/\/www.derhauspro.at\/index.php?rest_route=%2Fwp%2Fv2%2Fmedia&parent=1759"}],"curies":[{"name":"wp","href":"https:\/\/api.w.org\/{rel}","templated":true}]}}