{"id":1756,"date":"2024-12-08T13:47:37","date_gmt":"2024-12-08T12:47:37","guid":{"rendered":"https:\/\/www.derhauspro.at\/?page_id=1756"},"modified":"2024-12-08T13:47:37","modified_gmt":"2024-12-08T12:47:37","slug":"gartenbetreuung","status":"publish","type":"page","link":"https:\/\/www.derhauspro.at\/?page_id=1756","title":{"rendered":"Gartenbetreuung"},"content":{"rendered":"\n<div class=\"wp-block-media-text is-stacked-on-mobile is-image-fill-element\" id=\"gartenbetreuung\"><figure class=\"wp-block-media-text__media\"><img loading=\"lazy\" decoding=\"async\" width=\"1024\" height=\"683\" src=\"http:\/\/www.derhauspro.at\/wp-content\/uploads\/2024\/10\/garten-1024x683.jpg\" alt=\"\" class=\"wp-image-1507 size-full\" style=\"object-position:50% 50%\" srcset=\"https:\/\/www.derhauspro.at\/wp-content\/uploads\/2024\/10\/garten-1024x683.jpg 1024w, https:\/\/www.derhauspro.at\/wp-content\/uploads\/2024\/10\/garten-300x200.jpg 300w, https:\/\/www.derhauspro.at\/wp-content\/uploads\/2024\/10\/garten-768x512.jpg 768w, https:\/\/www.derhauspro.at\/wp-content\/uploads\/2024\/10\/garten-1536x1024.jpg 1536w, https:\/\/www.derhauspro.at\/wp-content\/uploads\/2024\/10\/garten.jpg 1920w\" sizes=\"auto, (max-width: 1024px) 100vw, 1024px\" \/><\/figure><div class=\"wp-block-media-text__content\">\n<div class=\"leistungen\"><\/div>\n\n\n\n<h1 class=\"wp-block-heading\">Gartenbetreuung<\/h1>\n\n\n\n<p>Ein gepflegter Garten strahlt die Sch\u00f6nheit und Kraft der Natur aus. Unser erfahrenes Gartenteam widmet sich Ihrem Garten mit gr\u00f6\u00dfter Sorgfalt \u2013 als w\u00e4re er unser eigener. Durch die fachgerechte Pflege Ihrer Pflanzen, Hecken und Gr\u00fcnfl\u00e4chen bringen wir Ihre Gartenanlage zu jeder Jahreszeit zum Strahlen. Ob Sie unsere Unterst\u00fctzung einmalig, saisonal oder dauerhaft in Anspruch nehmen m\u00f6chten, wir passen uns flexibel Ihren W\u00fcnschen an.<\/p>\n\n\n\n<div class=\"wp-block-buttons is-layout-flex wp-block-buttons-is-layout-flex\">\n<div class=\"wp-block-button\"><a class=\"wp-block-button__link has-background wp-element-button\" href=\"#kontakt\" style=\"background-color:#f93529\">Kontakt<\/a><\/div>\n<\/div>\n\n\n\n<div class=\"leistungen\"><\/div>\n<\/div><\/div>\n","protected":false},"excerpt":{"rendered":"","protected":false},"author":1,"featured_media":0,"parent":0,"menu_order":0,"comment_status":"closed","ping_status":"closed","template":"full-width-template","meta":{"footnotes":""},"class_list":["post-1756","page","type-page","status-publish","hentry"],"_links":{"self":[{"href":"https:\/\/www.derhauspro.at\/index.php?rest_route=\/wp\/v2\/pages\/1756","targetHints":{"allow":["GET"]}}],"collection":[{"href":"https:\/\/www.derhauspro.at\/index.php?rest_route=\/wp\/v2\/pages"}],"about":[{"href":"https:\/\/www.derhauspro.at\/index.php?rest_route=\/wp\/v2\/types\/page"}],"author":[{"embeddable":true,"href":"https:\/\/www.derhauspro.at\/index.php?rest_route=\/wp\/v2\/users\/1"}],"replies":[{"embeddable":true,"href":"https:\/\/www.derhauspro.at\/index.php?rest_route=%2Fwp%2Fv2%2Fcomments&post=1756"}],"version-history":[{"count":1,"href":"https:\/\/www.derhauspro.at\/index.php?rest_route=\/wp\/v2\/pages\/1756\/revisions"}],"predecessor-version":[{"id":1757,"href":"https:\/\/www.derhauspro.at\/index.php?rest_route=\/wp\/v2\/pages\/1756\/revisions\/1757"}],"wp:attachment":[{"href":"https:\/\/www.derhauspro.at\/index.php?rest_route=%2Fwp%2Fv2%2Fmedia&parent=1756"}],"curies":[{"name":"wp","href":"https:\/\/api.w.org\/{rel}","templated":true}]}}