{"id":1752,"date":"2024-12-08T13:46:09","date_gmt":"2024-12-08T12:46:09","guid":{"rendered":"https:\/\/www.derhauspro.at\/?page_id=1752"},"modified":"2025-01-03T14:00:13","modified_gmt":"2025-01-03T13:00:13","slug":"winterdienst","status":"publish","type":"page","link":"https:\/\/www.derhauspro.at\/?page_id=1752","title":{"rendered":"Winterdienst"},"content":{"rendered":"\n<div class=\"wp-block-media-text has-media-on-the-right is-stacked-on-mobile is-image-fill-element\" id=\"winterdienst\"><div class=\"wp-block-media-text__content\">\n<div class=\"leistungen\"><\/div>\n\n\n\n<h1 class=\"wp-block-heading\">Winterdienst<\/h1>\n\n\n\n<p>Mit unserer langj\u00e4hrigen Erfahrung gew\u00e4hrleisten wir Ihnen eine zuverl\u00e4ssige und effektive Winterbetreuung Ihrer Immobilie.<\/p>\n\n\n\n<p>Unser qualifiziertes Team ist bestens ausger\u00fcstet und verf\u00fcgt \u00fcber das n\u00f6tige Fachwissen sowie modernste Ger\u00e4te, um auch bei schwierigen Wetterbedingungen stets optimal vorbereitet zu sein.<\/p>\n\n\n\n<p>So k\u00f6nnen Sie sich bei jeder Schnee- und Wettersituation rundum sicher f\u00fchlen.<\/p>\n\n\n\n<ul class=\"wp-block-list is-style-default\">\n<li>Schneer\u00e4umung bei Bedarf<\/li>\n\n\n\n<li>Streuen bei Schnee und Gl\u00e4tte t\u00e4glich von Montag bis Sonntag, zwischen 6 und 22 Uhr<\/li>\n\n\n\n<li>Rasche Eins\u00e4tze und kurze R\u00e4umung Intervalle f\u00fcr maximale Sicherheit<\/li>\n\n\n\n<li>Entfernung des Streuguts und fachgerechte Entsorgung<\/li>\n\n\n\n<li>Kontrolle bei Tauwetter zur Vermeidung von Gl\u00e4tte<\/li>\n\n\n\n<li>Auf Wunsch \u00fcbernehmen wir auch die Beschaffung des Streumaterials f\u00fcr Sie<\/li>\n<\/ul>\n\n\n\n<div class=\"wp-block-buttons is-layout-flex wp-block-buttons-is-layout-flex\">\n<div class=\"wp-block-button\"><a class=\"wp-block-button__link has-background wp-element-button\" href=\"#kontakt\" style=\"background-color:#f93529\">Kontakt<\/a><\/div>\n<\/div>\n\n\n\n<div class=\"leistungen\"><\/div>\n<\/div><figure class=\"wp-block-media-text__media\"><img loading=\"lazy\" decoding=\"async\" width=\"1024\" height=\"578\" src=\"http:\/\/www.derhauspro.at\/wp-content\/uploads\/2024\/10\/winterdienst-1024x578.jpg\" alt=\"\" class=\"wp-image-1503 size-full\" style=\"object-position:50% 50%\" srcset=\"https:\/\/www.derhauspro.at\/wp-content\/uploads\/2024\/10\/winterdienst-1024x578.jpg 1024w, https:\/\/www.derhauspro.at\/wp-content\/uploads\/2024\/10\/winterdienst-300x169.jpg 300w, https:\/\/www.derhauspro.at\/wp-content\/uploads\/2024\/10\/winterdienst-768x433.jpg 768w, https:\/\/www.derhauspro.at\/wp-content\/uploads\/2024\/10\/winterdienst-1536x866.jpg 1536w, https:\/\/www.derhauspro.at\/wp-content\/uploads\/2024\/10\/winterdienst.jpg 1920w\" sizes=\"auto, (max-width: 1024px) 100vw, 1024px\" \/><\/figure><\/div>\n","protected":false},"excerpt":{"rendered":"","protected":false},"author":1,"featured_media":0,"parent":0,"menu_order":0,"comment_status":"closed","ping_status":"closed","template":"full-width-template","meta":{"footnotes":""},"class_list":["post-1752","page","type-page","status-publish","hentry"],"_links":{"self":[{"href":"https:\/\/www.derhauspro.at\/index.php?rest_route=\/wp\/v2\/pages\/1752","targetHints":{"allow":["GET"]}}],"collection":[{"href":"https:\/\/www.derhauspro.at\/index.php?rest_route=\/wp\/v2\/pages"}],"about":[{"href":"https:\/\/www.derhauspro.at\/index.php?rest_route=\/wp\/v2\/types\/page"}],"author":[{"embeddable":true,"href":"https:\/\/www.derhauspro.at\/index.php?rest_route=\/wp\/v2\/users\/1"}],"replies":[{"embeddable":true,"href":"https:\/\/www.derhauspro.at\/index.php?rest_route=%2Fwp%2Fv2%2Fcomments&post=1752"}],"version-history":[{"count":2,"href":"https:\/\/www.derhauspro.at\/index.php?rest_route=\/wp\/v2\/pages\/1752\/revisions"}],"predecessor-version":[{"id":1794,"href":"https:\/\/www.derhauspro.at\/index.php?rest_route=\/wp\/v2\/pages\/1752\/revisions\/1794"}],"wp:attachment":[{"href":"https:\/\/www.derhauspro.at\/index.php?rest_route=%2Fwp%2Fv2%2Fmedia&parent=1752"}],"curies":[{"name":"wp","href":"https:\/\/api.w.org\/{rel}","templated":true}]}}