{"id":1740,"date":"2024-12-08T13:16:58","date_gmt":"2024-12-08T12:16:58","guid":{"rendered":"https:\/\/www.derhauspro.at\/?page_id=1740"},"modified":"2024-12-08T13:34:16","modified_gmt":"2024-12-08T12:34:16","slug":"hausbetreuung","status":"publish","type":"page","link":"https:\/\/www.derhauspro.at\/?page_id=1740","title":{"rendered":"Hausbetreuung"},"content":{"rendered":"\n<div class=\"wp-block-media-text is-stacked-on-mobile is-vertically-aligned-top is-image-fill-element\" id=\"hausbetreuung\"><figure class=\"wp-block-media-text__media\"><img loading=\"lazy\" decoding=\"async\" width=\"1024\" height=\"768\" src=\"http:\/\/www.derhauspro.at\/wp-content\/uploads\/2024\/10\/hallway-1541023-1024x768.jpg\" alt=\"\" class=\"wp-image-1511 size-full\" style=\"object-position:50% 50%\" srcset=\"https:\/\/www.derhauspro.at\/wp-content\/uploads\/2024\/10\/hallway-1541023-1024x768.jpg 1024w, https:\/\/www.derhauspro.at\/wp-content\/uploads\/2024\/10\/hallway-1541023-300x225.jpg 300w, https:\/\/www.derhauspro.at\/wp-content\/uploads\/2024\/10\/hallway-1541023-768x576.jpg 768w, https:\/\/www.derhauspro.at\/wp-content\/uploads\/2024\/10\/hallway-1541023-1536x1152.jpg 1536w, https:\/\/www.derhauspro.at\/wp-content\/uploads\/2024\/10\/hallway-1541023.jpg 2048w\" sizes=\"auto, (max-width: 1024px) 100vw, 1024px\" \/><\/figure><div class=\"wp-block-media-text__content\">\n<div class=\"leistungen\"><\/div>\n\n\n\n<h1 class=\"wp-block-heading\">Hausbetreuung<\/h1>\n\n\n\n<p>Eine gr\u00fcndliche und professionelle Hausbetreuung ist entscheidend, um den Wert und die Sch\u00f6nheit einer Immobilie zu erhalten. Bei Der Hauspro setzen wir unser Fachwissen gezielt ein und wissen aus Erfahrung: Regelm\u00e4\u00dfige Pflege und Wartung sichern den langfristigen Wert Ihrer Immobilie und schaffen ein gepflegtes Umfeld, das \u00fcberzeugt<\/p>\n\n\n\n<p class=\"has-large-font-size\">1x W\u00d6CHENTLICH:<\/p>\n\n\n\n<ul class=\"wp-block-list\">\n<li>Kehren der Stiegenhaus- und allgemeinen Gangfl\u00e4chen sowie anschlie\u00dfendes feuchtes Wischen<\/li>\n\n\n\n<li>Beseitigung von Grobschmutz und Abstauben der Gemeinschaftseinrichtungen im Stiegenhaus und Eingangsbereich, darunter Postk\u00e4sten, Fensterbretter und Handl\u00e4ufe<\/li>\n\n\n\n<li>Feuchtreinigung der Gegensprechanlage im Eingangsbereich<\/li>\n\n\n\n<li>Au\u00dfenreinigung der M\u00fcllcontainer-Deckel mit einem feuchten Tuch<\/li>\n\n\n\n<li>Kehren der Gehwege, Hauszug\u00e4nge und Hoffl\u00e4chen<\/li>\n\n\n\n<li>Entfernung grober Verschmutzungen an allen gemeinschaftlich genutzten Einrichtungen<\/li>\n\n\n\n<li>Entfernen von Spinnweben im Stiegenhaus Bereich<\/li>\n<\/ul>\n\n\n\n<p class=\"has-large-font-size\">2x J\u00c4HRLICH:<\/p>\n\n\n\n<p>Sauberhalten der gemeinschaftlichen Nebenfl\u00e4chen, wie etwa Kellerflure und Dachbodenbereiche<\/p>\n\n\n\n<p>Reinigung der Fenster inklusive Rahmen und Stockwerke<\/p>\n\n\n\n<div class=\"wp-block-buttons is-layout-flex wp-block-buttons-is-layout-flex\">\n<div class=\"wp-block-button\"><a class=\"wp-block-button__link has-background wp-element-button\" href=\"#kontakt\" style=\"background-color:#f93529\">Kontakt<\/a><\/div>\n<\/div>\n\n\n\n<div class=\"leistungen\"><\/div>\n<\/div><\/div>\n","protected":false},"excerpt":{"rendered":"","protected":false},"author":1,"featured_media":1511,"parent":0,"menu_order":0,"comment_status":"closed","ping_status":"closed","template":"full-width-template","meta":{"footnotes":""},"class_list":["post-1740","page","type-page","status-publish","has-post-thumbnail","hentry"],"_links":{"self":[{"href":"https:\/\/www.derhauspro.at\/index.php?rest_route=\/wp\/v2\/pages\/1740","targetHints":{"allow":["GET"]}}],"collection":[{"href":"https:\/\/www.derhauspro.at\/index.php?rest_route=\/wp\/v2\/pages"}],"about":[{"href":"https:\/\/www.derhauspro.at\/index.php?rest_route=\/wp\/v2\/types\/page"}],"author":[{"embeddable":true,"href":"https:\/\/www.derhauspro.at\/index.php?rest_route=\/wp\/v2\/users\/1"}],"replies":[{"embeddable":true,"href":"https:\/\/www.derhauspro.at\/index.php?rest_route=%2Fwp%2Fv2%2Fcomments&post=1740"}],"version-history":[{"count":2,"href":"https:\/\/www.derhauspro.at\/index.php?rest_route=\/wp\/v2\/pages\/1740\/revisions"}],"predecessor-version":[{"id":1746,"href":"https:\/\/www.derhauspro.at\/index.php?rest_route=\/wp\/v2\/pages\/1740\/revisions\/1746"}],"wp:featuredmedia":[{"embeddable":true,"href":"https:\/\/www.derhauspro.at\/index.php?rest_route=\/wp\/v2\/media\/1511"}],"wp:attachment":[{"href":"https:\/\/www.derhauspro.at\/index.php?rest_route=%2Fwp%2Fv2%2Fmedia&parent=1740"}],"curies":[{"name":"wp","href":"https:\/\/api.w.org\/{rel}","templated":true}]}}